{"id":66,"date":"2025-01-14T11:58:49","date_gmt":"2025-01-14T12:58:49","guid":{"rendered":"https:\/\/arruda-rentacar.com\/?page_id=66"},"modified":"2025-12-11T19:58:24","modified_gmt":"2025-12-11T20:58:24","slug":"sobre-os-acores","status":"publish","type":"page","link":"https:\/\/arruda-rentacar.com\/en\/about-the-azores\/","title":{"rendered":"About the Azores"},"content":{"rendered":"<h2 style=\"text-align: center;\">COME AND EXPERIENCE S\u00c3O MIGUEL<\/h2>\n<p style=\"text-align: center;\">If you are looking for quality and reliable service, Arruda Rent-a-Car is the ideal choice. Explore the wonderful landscapes of S\u00e3o Miguel in comfort, style, and safety. We offer a range of insurance options to ensure that your trip is smooth and hassle-free, giving you complete peace of mind throughout your journey.<\/p>","protected":false},"excerpt":{"rendered":"<p>VENHA EXPERI\u00caNCIAR S\u00c3O MIGUEL Se procura um servi\u00e7o de qualidade e confian\u00e7a, a Arruda Rent-a-Car \u00e9 a escolha ideal. Explore as maravilhosas paisagens de S\u00e3o Miguel com conforto, distin\u00e7\u00e3o e seguran\u00e7a. Oferecemos diversas op\u00e7\u00f5es de seguros para garantir que a sua viagem seja tranquila e sem imprevistos, proporcionando-lhe total tranquilidade durante todo o percurso.<\/p>","protected":false},"author":1,"featured_media":247,"parent":0,"menu_order":0,"comment_status":"closed","ping_status":"closed","template":"template-sobre.php","meta":{"inline_featured_image":false,"footnotes":""},"class_list":["post-66","page","type-page","status-publish","has-post-thumbnail","hentry"],"acf":[],"yoast_head":"<!-- This site is optimized with the Yoast SEO plugin v26.5 - https:\/\/yoast.com\/wordpress\/plugins\/seo\/ -->\n<title>Sobre os A\u00e7ores - Arruda Rent a Car<\/title>\n<meta name=\"description\" content=\"Sobre os A\u00e7ores - Explore S\u00e3o Miguel, uma ilha de cortar a respira\u00e7\u00e3o com paisagens deslumbrantes e vistas infinitas sobre o oceano.\" \/>\n<meta name=\"robots\" content=\"index, follow, max-snippet:-1, max-image-preview:large, max-video-preview:-1\" \/>\n<link rel=\"canonical\" href=\"https:\/\/arruda-rentacar.com\/en\/sobre-os-acores\/\" \/>\n<meta property=\"og:locale\" content=\"en_US\" \/>\n<meta property=\"og:type\" content=\"article\" \/>\n<meta property=\"og:title\" content=\"Sobre os A\u00e7ores - Arruda Rent a Car\" \/>\n<meta property=\"og:description\" content=\"Sobre os A\u00e7ores - Explore S\u00e3o Miguel, uma ilha de cortar a respira\u00e7\u00e3o com paisagens deslumbrantes e vistas infinitas sobre o oceano.\" \/>\n<meta property=\"og:url\" content=\"https:\/\/arruda-rentacar.com\/en\/sobre-os-acores\/\" \/>\n<meta property=\"og:site_name\" content=\"Arruda Rent a Car\" \/>\n<meta property=\"article:modified_time\" content=\"2025-12-11T20:58:24+00:00\" \/>\n<meta property=\"og:image\" content=\"https:\/\/arruda-rentacar.com\/wp-content\/uploads\/2025\/12\/landscapes-wonder-island-rent-a-car-sao-miguel-azores-1024x514.png\" \/>\n\t<meta property=\"og:image:width\" content=\"1024\" \/>\n\t<meta property=\"og:image:height\" content=\"514\" \/>\n\t<meta property=\"og:image:type\" content=\"image\/png\" \/>\n<meta name=\"twitter:card\" content=\"summary_large_image\" \/>\n<meta name=\"twitter:label1\" content=\"Est. reading time\" \/>\n\t<meta name=\"twitter:data1\" content=\"1 minute\" \/>\n<script type=\"application\/ld+json\" class=\"yoast-schema-graph\">{\"@context\":\"https:\/\/schema.org\",\"@graph\":[{\"@type\":\"WebPage\",\"@id\":\"https:\/\/arruda-rentacar.com\/sobre-os-acores\/\",\"url\":\"https:\/\/arruda-rentacar.com\/sobre-os-acores\/\",\"name\":\"Sobre os A\u00e7ores - Arruda Rent a Car\",\"isPartOf\":{\"@id\":\"https:\/\/arruda-rentacar.com\/#website\"},\"primaryImageOfPage\":{\"@id\":\"https:\/\/arruda-rentacar.com\/sobre-os-acores\/#primaryimage\"},\"image\":{\"@id\":\"https:\/\/arruda-rentacar.com\/sobre-os-acores\/#primaryimage\"},\"thumbnailUrl\":\"https:\/\/arruda-rentacar.com\/wp-content\/uploads\/2025\/12\/landscapes-wonder-island-rent-a-car-sao-miguel-azores.png\",\"datePublished\":\"2025-01-14T12:58:49+00:00\",\"dateModified\":\"2025-12-11T20:58:24+00:00\",\"description\":\"Sobre os A\u00e7ores - Explore S\u00e3o Miguel, uma ilha de cortar a respira\u00e7\u00e3o com paisagens deslumbrantes e vistas infinitas sobre o oceano.\",\"breadcrumb\":{\"@id\":\"https:\/\/arruda-rentacar.com\/sobre-os-acores\/#breadcrumb\"},\"inLanguage\":\"en-US\",\"potentialAction\":[{\"@type\":\"ReadAction\",\"target\":[\"https:\/\/arruda-rentacar.com\/sobre-os-acores\/\"]}]},{\"@type\":\"ImageObject\",\"inLanguage\":\"en-US\",\"@id\":\"https:\/\/arruda-rentacar.com\/sobre-os-acores\/#primaryimage\",\"url\":\"https:\/\/arruda-rentacar.com\/wp-content\/uploads\/2025\/12\/landscapes-wonder-island-rent-a-car-sao-miguel-azores.png\",\"contentUrl\":\"https:\/\/arruda-rentacar.com\/wp-content\/uploads\/2025\/12\/landscapes-wonder-island-rent-a-car-sao-miguel-azores.png\",\"width\":1916,\"height\":962},{\"@type\":\"BreadcrumbList\",\"@id\":\"https:\/\/arruda-rentacar.com\/sobre-os-acores\/#breadcrumb\",\"itemListElement\":[{\"@type\":\"ListItem\",\"position\":1,\"name\":\"In\u00edcio\",\"item\":\"https:\/\/arruda-rentacar.com\/\"},{\"@type\":\"ListItem\",\"position\":2,\"name\":\"Sobre os A\u00e7ores\"}]},{\"@type\":\"WebSite\",\"@id\":\"https:\/\/arruda-rentacar.com\/#website\",\"url\":\"https:\/\/arruda-rentacar.com\/\",\"name\":\"Arruda Rent a Car\",\"description\":\"Aos Melhores Pre\u00e7os \u2014 Conhe\u00e7a a nossa frota que possui carros de excelente qualidade aos melhores pre\u00e7os. A sua melhor escolha no aluguer de uma viatura em Ponta Delgada, S.Miguel-A\u00e7ores.\",\"publisher\":{\"@id\":\"https:\/\/arruda-rentacar.com\/#organization\"},\"potentialAction\":[{\"@type\":\"SearchAction\",\"target\":{\"@type\":\"EntryPoint\",\"urlTemplate\":\"https:\/\/arruda-rentacar.com\/?s={search_term_string}\"},\"query-input\":{\"@type\":\"PropertyValueSpecification\",\"valueRequired\":true,\"valueName\":\"search_term_string\"}}],\"inLanguage\":\"en-US\"},{\"@type\":\"Organization\",\"@id\":\"https:\/\/arruda-rentacar.com\/#organization\",\"name\":\"Arruda Rent a Car\",\"url\":\"https:\/\/arruda-rentacar.com\/\",\"logo\":{\"@type\":\"ImageObject\",\"inLanguage\":\"en-US\",\"@id\":\"https:\/\/arruda-rentacar.com\/#\/schema\/logo\/image\/\",\"url\":\"https:\/\/arruda-rentacar.com\/wp-content\/uploads\/2026\/04\/ar-logo.jpg\",\"contentUrl\":\"https:\/\/arruda-rentacar.com\/wp-content\/uploads\/2026\/04\/ar-logo.jpg\",\"width\":1080,\"height\":1080,\"caption\":\"Arruda Rent a Car\"},\"image\":{\"@id\":\"https:\/\/arruda-rentacar.com\/#\/schema\/logo\/image\/\"}}]}<\/script>\n<!-- \/ Yoast SEO plugin. -->","yoast_head_json":{"title":"Sobre os A\u00e7ores - Arruda Rent a Car","description":"Sobre os A\u00e7ores - Explore S\u00e3o Miguel, uma ilha de cortar a respira\u00e7\u00e3o com paisagens deslumbrantes e vistas infinitas sobre o oceano.","robots":{"index":"index","follow":"follow","max-snippet":"max-snippet:-1","max-image-preview":"max-image-preview:large","max-video-preview":"max-video-preview:-1"},"canonical":"https:\/\/arruda-rentacar.com\/en\/sobre-os-acores\/","og_locale":"en_US","og_type":"article","og_title":"Sobre os A\u00e7ores - Arruda Rent a Car","og_description":"Sobre os A\u00e7ores - Explore S\u00e3o Miguel, uma ilha de cortar a respira\u00e7\u00e3o com paisagens deslumbrantes e vistas infinitas sobre o oceano.","og_url":"https:\/\/arruda-rentacar.com\/en\/sobre-os-acores\/","og_site_name":"Arruda Rent a Car","article_modified_time":"2025-12-11T20:58:24+00:00","og_image":[{"width":1024,"height":514,"url":"https:\/\/arruda-rentacar.com\/wp-content\/uploads\/2025\/12\/landscapes-wonder-island-rent-a-car-sao-miguel-azores-1024x514.png","type":"image\/png"}],"twitter_card":"summary_large_image","twitter_misc":{"Est. reading time":"1 minute"},"schema":{"@context":"https:\/\/schema.org","@graph":[{"@type":"WebPage","@id":"https:\/\/arruda-rentacar.com\/sobre-os-acores\/","url":"https:\/\/arruda-rentacar.com\/sobre-os-acores\/","name":"Sobre os A\u00e7ores - Arruda Rent a Car","isPartOf":{"@id":"https:\/\/arruda-rentacar.com\/#website"},"primaryImageOfPage":{"@id":"https:\/\/arruda-rentacar.com\/sobre-os-acores\/#primaryimage"},"image":{"@id":"https:\/\/arruda-rentacar.com\/sobre-os-acores\/#primaryimage"},"thumbnailUrl":"https:\/\/arruda-rentacar.com\/wp-content\/uploads\/2025\/12\/landscapes-wonder-island-rent-a-car-sao-miguel-azores.png","datePublished":"2025-01-14T12:58:49+00:00","dateModified":"2025-12-11T20:58:24+00:00","description":"Sobre os A\u00e7ores - Explore S\u00e3o Miguel, uma ilha de cortar a respira\u00e7\u00e3o com paisagens deslumbrantes e vistas infinitas sobre o oceano.","breadcrumb":{"@id":"https:\/\/arruda-rentacar.com\/sobre-os-acores\/#breadcrumb"},"inLanguage":"en-US","potentialAction":[{"@type":"ReadAction","target":["https:\/\/arruda-rentacar.com\/sobre-os-acores\/"]}]},{"@type":"ImageObject","inLanguage":"en-US","@id":"https:\/\/arruda-rentacar.com\/sobre-os-acores\/#primaryimage","url":"https:\/\/arruda-rentacar.com\/wp-content\/uploads\/2025\/12\/landscapes-wonder-island-rent-a-car-sao-miguel-azores.png","contentUrl":"https:\/\/arruda-rentacar.com\/wp-content\/uploads\/2025\/12\/landscapes-wonder-island-rent-a-car-sao-miguel-azores.png","width":1916,"height":962},{"@type":"BreadcrumbList","@id":"https:\/\/arruda-rentacar.com\/sobre-os-acores\/#breadcrumb","itemListElement":[{"@type":"ListItem","position":1,"name":"In\u00edcio","item":"https:\/\/arruda-rentacar.com\/"},{"@type":"ListItem","position":2,"name":"Sobre os A\u00e7ores"}]},{"@type":"WebSite","@id":"https:\/\/arruda-rentacar.com\/#website","url":"https:\/\/arruda-rentacar.com\/","name":"Arruda Rent a Car","description":"Aos Melhores Pre\u00e7os \u2014 Conhe\u00e7a a nossa frota que possui carros de excelente qualidade aos melhores pre\u00e7os. A sua melhor escolha no aluguer de uma viatura em Ponta Delgada, S.Miguel-A\u00e7ores.","publisher":{"@id":"https:\/\/arruda-rentacar.com\/#organization"},"potentialAction":[{"@type":"SearchAction","target":{"@type":"EntryPoint","urlTemplate":"https:\/\/arruda-rentacar.com\/?s={search_term_string}"},"query-input":{"@type":"PropertyValueSpecification","valueRequired":true,"valueName":"search_term_string"}}],"inLanguage":"en-US"},{"@type":"Organization","@id":"https:\/\/arruda-rentacar.com\/#organization","name":"Arruda Rent a Car","url":"https:\/\/arruda-rentacar.com\/","logo":{"@type":"ImageObject","inLanguage":"en-US","@id":"https:\/\/arruda-rentacar.com\/#\/schema\/logo\/image\/","url":"https:\/\/arruda-rentacar.com\/wp-content\/uploads\/2026\/04\/ar-logo.jpg","contentUrl":"https:\/\/arruda-rentacar.com\/wp-content\/uploads\/2026\/04\/ar-logo.jpg","width":1080,"height":1080,"caption":"Arruda Rent a Car"},"image":{"@id":"https:\/\/arruda-rentacar.com\/#\/schema\/logo\/image\/"}}]}},"_links":{"self":[{"href":"https:\/\/arruda-rentacar.com\/en\/wp-json\/wp\/v2\/pages\/66","targetHints":{"allow":["GET"]}}],"collection":[{"href":"https:\/\/arruda-rentacar.com\/en\/wp-json\/wp\/v2\/pages"}],"about":[{"href":"https:\/\/arruda-rentacar.com\/en\/wp-json\/wp\/v2\/types\/page"}],"author":[{"embeddable":true,"href":"https:\/\/arruda-rentacar.com\/en\/wp-json\/wp\/v2\/users\/1"}],"replies":[{"embeddable":true,"href":"https:\/\/arruda-rentacar.com\/en\/wp-json\/wp\/v2\/comments?post=66"}],"version-history":[{"count":3,"href":"https:\/\/arruda-rentacar.com\/en\/wp-json\/wp\/v2\/pages\/66\/revisions"}],"predecessor-version":[{"id":88,"href":"https:\/\/arruda-rentacar.com\/en\/wp-json\/wp\/v2\/pages\/66\/revisions\/88"}],"wp:featuredmedia":[{"embeddable":true,"href":"https:\/\/arruda-rentacar.com\/en\/wp-json\/wp\/v2\/media\/247"}],"wp:attachment":[{"href":"https:\/\/arruda-rentacar.com\/en\/wp-json\/wp\/v2\/media?parent=66"}],"curies":[{"name":"wp","href":"https:\/\/api.w.org\/{rel}","templated":true}]}}